{"id":17068,"date":"2018-05-23T18:44:41","date_gmt":"2018-05-23T16:44:41","guid":{"rendered":"https:\/\/flash2flash.f2fbeta.com\/?page_id=17068"},"modified":"2024-02-06T15:48:26","modified_gmt":"2024-02-06T13:48:26","slug":"aviso-legal","status":"publish","type":"page","link":"https:\/\/www.flashcreativity.com\/en\/aviso-legal\/","title":{"rendered":"Legal advice"},"content":{"rendered":"<div class=\"wpb-content-wrapper\"><p>[vc_row css_animation=&#8221;&#8221; row_type=&#8221;row&#8221; use_row_as_full_screen_section=&#8221;no&#8221; type=&#8221;full_width&#8221; angled_section=&#8221;no&#8221; text_align=&#8221;left&#8221; background_image_as_pattern=&#8221;without_pattern&#8221;][vc_column][vc_empty_space height=&#8221;50px&#8221;][\/vc_column][\/vc_row][vc_row css_animation=&#8221;&#8221; row_type=&#8221;row&#8221; use_row_as_full_screen_section=&#8221;no&#8221; type=&#8221;grid&#8221; angled_section=&#8221;no&#8221; text_align=&#8221;left&#8221; background_image_as_pattern=&#8221;without_pattern&#8221; z_index=&#8221;&#8221;][vc_column][vc_column_text]<\/p>\n<h1>Aviso Legal<\/h1>\n<p>&nbsp;<\/p>\n<p>En cumplimiento de la Ley 34\/2002, de 11 de julio, de servicios de la sociedad de la informaci\u00f3n y de comercio electr\u00f3nico (LSSI), le informamos de que la presente p\u00e1gina web con direcci\u00f3n <strong>www.flashcreativity.com<\/strong> es propiedad de la empresa <strong>F2F DIGITAL SL con CIF B86328093 direcci\u00f3n Calle Espejo 6 Local Comercial. 28013 Madrid y correo electr\u00f3nico dpo@flashcreativity.com<\/strong>, en adelante \u00abla Empresa\u00bb, e inscrita en el <strong>Registro Mercantil de MADRID Tomo 29297 Folio 136 Secci\u00f3n 8 Hoja M 527361 Inscripci\u00f3n 7<\/strong>.<\/p>\n<p>&nbsp;<\/p>\n<p><strong>Condiciones Generales de uso<\/strong>: Las presentes condiciones generales de uso, regulan los t\u00e9rminos y condiciones de acceso y uso de este sitio web, propiedad de la Empresa, que el usuario del Portal deber\u00e1 de leer y aceptar para usar todos los servicios e informaci\u00f3n que se facilitan desde el portal.\u00a0El mero acceso y\/o utilizaci\u00f3n del portal, de todos o parte de sus contenidos y\/o servicios significa la plena aceptaci\u00f3n de las presentes condiciones generales de uso.\u00a0Tambi\u00e9n regulan el acceso y la utilizaci\u00f3n del portal, incluyendo los contenidos y los servicios puestos a disposici\u00f3n de los usuarios en y\/o a trav\u00e9s del portal, bien por el portal, bien por sus usuarios, bien por terceros. No obstante, el acceso y la utilizaci\u00f3n de ciertos contenidos y\/o servicios pueden encontrarse sometido a determinadas condiciones espec\u00edficas.<\/p>\n<p>&nbsp;<\/p>\n<p><strong>Modificaciones<\/strong>: La empresa se reserva la facultad de modificar en cualquier momento las condiciones generales de uso del portal. En todo caso, se recomienda que consulte peri\u00f3dicamente los presentes\u00a0t\u00e9rminos de uso del portal, ya que pueden ser modificados.<\/p>\n<p>&nbsp;<\/p>\n<p><strong>Obligaciones del Usuario<\/strong>: El usuario deber\u00e1 respetar en todo momento los t\u00e9rminos y condiciones establecidos en las presentes condiciones generales de uso del portal. De forma expresa el usuario manifiesta que utilizar\u00e1 el portal de forma diligente y asumiendo cualquier responsabilidad que pudiera derivarse del incumplimiento de las normas. As\u00ed mismo, el usuario no podr\u00e1 utilizar el portal para transmitir, almacenar, divulgar promover o distribuir datos o contenidos que sean portadores de virus o cualquier otro c\u00f3digo inform\u00e1tico, archivos o programas dise\u00f1ados para interrumpir, destruir o perjudicar el funcionamiento de cualquier programa o equipo inform\u00e1tico o de telecomunicaciones.<\/p>\n<p>&nbsp;<\/p>\n<p><strong>Propiedad industrial e intelectual<\/strong>: Los contenidos de la p\u00e1gina web de la Empresa son propiedad de la Empresa. Por la presente se reserva todo derecho que no se haya otorgado expl\u00edcitamente. Se proh\u00edbe la reproducci\u00f3n, transferencia, distribuci\u00f3n o almacenamiento de los contenidos, ya sea en parte o en su totalidad, por cualquier medio, sin la autorizaci\u00f3n previa por escrito de la Empresa, a excepci\u00f3n de lo establecido en las siguientes condiciones. La Empresa le permite navegar por su p\u00e1gina web con su ordenador e imprimir copias de extractos de dichas p\u00e1ginas exclusivamente para su uso personal y no para su distribuci\u00f3n, salvo en caso de autorizaci\u00f3n por escrito de la Empresa.<\/p>\n<p>&nbsp;<\/p>\n<p>Todos los documentos de nuestra p\u00e1gina web pueden estar sujetos a otras condiciones, indicadas en los mismos. Los contenidos de la p\u00e1gina web de la Empresa se ofrecen tal y como aparecen y seg\u00fan su disponibilidad. La Empresa no garantiza la ausencia de interrupciones o errores en su p\u00e1gina web.<\/p>\n<p>&nbsp;<\/p>\n<p>La Empresa se reserva el derecho de revisar la p\u00e1gina o impedir el acceso a dicha p\u00e1gina en cualquier momento. La Empresa y sus s\u00edmbolos son marcas registradas. Otros productos o nombres de empresas mencionados en esta p\u00e1gina son o pueden ser marcas registradas de sus respectivos propietarios.<\/p>\n<p>&nbsp;<\/p>\n<p><strong>Responsabilidad<\/strong>: El usuario ser\u00e1 el \u00fanico responsable de las infracciones en que pueda incurrir o de los perjuicios que pueda causar por la utilizaci\u00f3n de la p\u00e1gina web, quedando la Empresa libre de cualquier responsabilidad basada de la utilizaci\u00f3n del servicio por el usuario, asumiendo el usuario cuantos gastos, costes e indemnizaciones sean solicitados a la Empresa con motivo de reclamaciones o acciones legales. La Empresa declina cualquier responsabilidad respecto a la informaci\u00f3n que se halle fuera de esta p\u00e1gina web y no gestionada directamente por su gestor de p\u00e1gina web.<\/p>\n<p>&nbsp;<\/p>\n<p>En el caso de que la Empresa sea advertida de la realizaci\u00f3n por el usuario, a trav\u00e9s de los servicios facilitados por la Empresa de posibles actividades que pudieran ser ilegales contra derechos de terceros o constitutivas de delito, la Empresa podr\u00e1 rescindir de forma inmediata su relaci\u00f3n con el usuario y tomar cuantas medidas sean necesarias para evitar la continuaci\u00f3n de tales actividades.<\/p>\n<p>&nbsp;<\/p>\n<p>La Empresa no ser\u00e1 responsable de posibles da\u00f1os o perjuicios que se pudieran derivar de interferencias omisiones, interrupciones, aver\u00edas telef\u00f3nicas, virus inform\u00e1ticos o desconexiones en el funcionamiento operativo de este sistema electr\u00f3nico, motivadas por causas ajenas a la Empresa de retrasos o bloqueos en el uso del presente sistema electr\u00f3nico causados por deficiencias o sobrecargas de l\u00edneas telef\u00f3nicas o sobrecargas en el sistema de Internet o en otros sistemas electr\u00f3nicos, as\u00ed como de da\u00f1os que puedan ser ocasionados por terceras personas mediante intromisiones ileg\u00edtimas fuera del control de la Empresa.<\/p>\n<p>&nbsp;<\/p>\n<p><strong>Links, Banners<\/strong>: En caso de que la web incluya links o enlaces con otros portales, tiene una finalidad meramente informativa, y no supone que la empresa recomiende y\/o garantice dichos portales, sobre los que no ejerce control alguno , ni es responsable del mismo.<\/p>\n<p>&nbsp;<\/p>\n<p>La Empresa no garantiza, de ning\u00fan modo, las condiciones y correcta prestaci\u00f3n de los productos o servicios ofertados a los usuarios por terceros, a los que se puede acceder mediante enlaces establecidos en la p\u00e1gina web de la Empresa. La Empresa no se responsabiliza del cumplimiento por estos terceros de la normativa vigente en nuestro ordenamiento jur\u00eddico y, en especial, de la relativa a protecci\u00f3n de datos de car\u00e1cter personal y comercio electr\u00f3nico.<\/p>\n<p>&nbsp;<\/p>\n<p><strong>Protecci\u00f3n de Menores<\/strong>: Para hacer uso de los servicios de la web, los menores de edad deben obtener previamente el permiso de sus padres, tutores o representantes legales, quienes ser\u00e1n considerados responsables de todos los actos realizados por los menores a su cargo.<\/p>\n<p>&nbsp;<\/p>\n<p><strong>Blog<\/strong>: En caso de que la web tenga un apartado Blog, su finalidad es la difusi\u00f3n de los diferentes servicios ofrecidos por la empresa. El titular de la web no se responsabiliza de las opiniones de los usuarios y se reserva los derechos de borrar los comentarios que pudieran resultar ofensivos o denigrantes y bloquear e impedir los futuros comentarios provenientes de los autores de dichos comentarios.<\/p>\n<p>&nbsp;<\/p>\n<p><strong>Ley aplicable<\/strong>: La ley aplicable en caso de disputa o conflicto de interpretaci\u00f3n de los t\u00e9rminos que conforman este aviso legal, as\u00ed como cualquier cuesti\u00f3n relacionada con los servicios de la presente web, ser\u00e1 la ley espa\u00f1ola. Las partes se someten a la jurisdicci\u00f3n de los Juzgados y Tribunales de la Ciudad de la empresa \/ profesional propietario de la Web, con renuncia expresa de cualquier otra legislaci\u00f3n o fuero que les pudiera corresponder.<\/p>\n<p>&nbsp;<\/p>\n<p>Sin perjuicio de lo anterior, las controversias que puedan surgir como consecuencia de las relaciones de comercio que surjan entre las partes podr\u00e1n someterse al Reglamento UE 524\/2013 por el que se regula la resoluci\u00f3n extrajudicial de conflictos de conformidad con el contenido del mismo. La Comisi\u00f3n Europea facilita una plataforma de resoluci\u00f3n de ligios en l\u00ednea, la cual se encuentra disponible en el siguiente enlace: \u00a0<a href=\"https:\/\/ec.europa.eu\/info\/live-work-travel-eu\/consumer-rights-and-complaints\/resolve-your-consumer-complaint_es\" target=\"_blank\" rel=\"noopener\">https:\/\/ec.europa.eu\/info\/live-work-travel-eu\/consumer-rights-and-complaints\/resolve-your-consumer-complaint_es<\/a>[\/vc_column_text][\/vc_column][\/vc_row][vc_row css_animation=&#8221;&#8221; row_type=&#8221;row&#8221; use_row_as_full_screen_section=&#8221;no&#8221; type=&#8221;full_width&#8221; angled_section=&#8221;no&#8221; text_align=&#8221;left&#8221; background_image_as_pattern=&#8221;without_pattern&#8221;][vc_column][vc_empty_space height=&#8221;50px&#8221;][\/vc_column][\/vc_row]<\/p>\n<\/div>","protected":false},"excerpt":{"rendered":"<p>[vc_row css_animation=&#8221;&#8221; row_type=&#8221;row&#8221; use_row_as_full_screen_section=&#8221;no&#8221; type=&#8221;full_width&#8221; angled_section=&#8221;no&#8221; text_align=&#8221;left&#8221; background_image_as_pattern=&#8221;without_pattern&#8221;][vc_column][vc_empty_space height=&#8221;50px&#8221;][\/vc_column][\/vc_row][vc_row css_animation=&#8221;&#8221; row_type=&#8221;row&#8221; use_row_as_full_screen_section=&#8221;no&#8221; type=&#8221;grid&#8221; angled_section=&#8221;no&#8221; text_align=&#8221;left&#8221; background_image_as_pattern=&#8221;without_pattern&#8221; z_index=&#8221;&#8221;][vc_column][vc_column_text] Aviso Legal &nbsp; En cumplimiento de la Ley 34\/2002, de 11 de julio, de servicios de la sociedad de la informaci\u00f3n y de comercio electr\u00f3nico (LSSI), le informamos&#8230;<\/p>\n","protected":false},"author":3,"featured_media":0,"parent":0,"menu_order":0,"comment_status":"closed","ping_status":"closed","template":"","meta":{"_acf_changed":false,"pgc_sgb_lightbox_settings":"","footnotes":""},"class_list":["post-17068","page","type-page","status-publish","hentry"],"acf":[],"_links":{"self":[{"href":"https:\/\/www.flashcreativity.com\/en\/wp-json\/wp\/v2\/pages\/17068","targetHints":{"allow":["GET"]}}],"collection":[{"href":"https:\/\/www.flashcreativity.com\/en\/wp-json\/wp\/v2\/pages"}],"about":[{"href":"https:\/\/www.flashcreativity.com\/en\/wp-json\/wp\/v2\/types\/page"}],"author":[{"embeddable":true,"href":"https:\/\/www.flashcreativity.com\/en\/wp-json\/wp\/v2\/users\/3"}],"replies":[{"embeddable":true,"href":"https:\/\/www.flashcreativity.com\/en\/wp-json\/wp\/v2\/comments?post=17068"}],"version-history":[{"count":9,"href":"https:\/\/www.flashcreativity.com\/en\/wp-json\/wp\/v2\/pages\/17068\/revisions"}],"predecessor-version":[{"id":22697,"href":"https:\/\/www.flashcreativity.com\/en\/wp-json\/wp\/v2\/pages\/17068\/revisions\/22697"}],"wp:attachment":[{"href":"https:\/\/www.flashcreativity.com\/en\/wp-json\/wp\/v2\/media?parent=17068"}],"curies":[{"name":"wp","href":"https:\/\/api.w.org\/{rel}","templated":true}]}}