{"id":17078,"date":"2022-09-27T11:53:13","date_gmt":"2022-09-27T09:53:13","guid":{"rendered":"https:\/\/flash2flash.f2fbeta.com\/?page_id=17078"},"modified":"2024-01-14T14:05:21","modified_gmt":"2024-01-14T12:05:21","slug":"testimonials","status":"publish","type":"page","link":"https:\/\/www.flashcreativity.com\/en\/testimonials\/","title":{"rendered":"Testimonials"},"content":{"rendered":"<div class=\"wpb-content-wrapper\"><p>[vc_row css_animation=&#8221;&#8221; row_type=&#8221;row&#8221; use_row_as_full_screen_section=&#8221;no&#8221; type=&#8221;grid&#8221; angled_section=&#8221;no&#8221; text_align=&#8221;left&#8221; background_image_as_pattern=&#8221;without_pattern&#8221; background_color=&#8221;#000000 !important&#8221; padding_top=&#8221;200&#8243; padding_bottom=&#8221;30&#8243; css=&#8221;.vc_custom_1704977015428{background-color: #000000 !important;}&#8221; z_index=&#8221;&#8221;][vc_column][vc_separator type=&#8221;transparent&#8221; up=&#8221;50&#8243; down=&#8221;40&#8243;]<div class='testimonials_holder clearfix light'><div class=\"testimonials testimonials_carousel\" data-show-navigation=\"yes\" data-animation-type=\"fade\" data-animation-speed=\"\" data-auto-rotate-slides=\"10\" data-number-per-slide=\"1\"><ul class=\"slides\"><li id=\"testimonials23642\" class=\"testimonial_content\"><div class=\"testimonial_content_inner\"><div class=\"testimonial_text_holder\"><div class=\"testimonial_text_inner\" style=\"color: #ffffff;\"><p style='font-size:56px;color:#ffffff;'>\"In our experience working with FLASH, they have consistently demonstrated deep expertise in event planning, exceptional creative development aligned with the brief, and great foresight and proactivity in handling unexpected challenges and adapting effectively to demanding situations.\"<\/p><p class=\"testimonial_author\" style=\"color: #ffffff;font-weight: 800;color: #ffffff;font-size: 16px;\">Eva Garc\u00eda Nieto, Head of Communications & Marketing, Iberia - AXA XL<\/p><\/div><\/div><\/div><\/li><li id=\"testimonials23644\" class=\"testimonial_content\"><div class=\"testimonial_content_inner\"><div class=\"testimonial_text_holder\"><div class=\"testimonial_text_inner\" style=\"color: #ffffff;\"><p style='font-size:56px;color:#ffffff;'>\"I\u2019ve found Flash Creativity to be reliable and committed to delivering quality work. Their consistency and professionalism have made them a trustworthy partner, and I look forward to continuing our partnership on future projects.\"<\/p><p class=\"testimonial_author\" style=\"color: #ffffff;font-weight: 800;color: #ffffff;font-size: 16px;\">Marta Gasset, Globlal Head eCommerce - Avolta<\/p><\/div><\/div><\/div><\/li><li id=\"testimonials23646\" class=\"testimonial_content\"><div class=\"testimonial_content_inner\"><div class=\"testimonial_text_holder\"><div class=\"testimonial_text_inner\" style=\"color: #ffffff;\"><p style='font-size:56px;color:#ffffff;'>\"The brief we gave them was extremely complex \u2014 an outdoor installation and event for which we had no prior experience. FLASH handled the entire 360\u00ba process: from the creative proposal, location scouting and negotiations, to on-site staff, logistics, maintenance... The result was spectacular, becoming a best practice for the group worldwide.\"<\/p><p class=\"testimonial_author\" style=\"color: #ffffff;font-weight: 800;color: #ffffff;font-size: 16px;\">Sonia Martiaux, Group Marketing Manager - KENZO<\/p><\/div><\/div><\/div><\/li><li id=\"testimonials23648\" class=\"testimonial_content\"><div class=\"testimonial_content_inner\"><div class=\"testimonial_text_holder\"><div class=\"testimonial_text_inner\" style=\"color: #ffffff;\"><p style='font-size:56px;color:#ffffff;'>\"What stands out about FLASH is their constant commitment to client service, attention to detail, ability to coordinate seamlessly with other agencies and suppliers, as well as their creativity and innovative approach.\"<\/p><p class=\"testimonial_author\" style=\"color: #ffffff;font-weight: 800;color: #ffffff;font-size: 16px;\">Enrique Geijo, Marketing Group VP. Head of Corporate Sponsorship - Santander<\/p><\/div><\/div><\/div><\/li><li id=\"testimonials23650\" class=\"testimonial_content\"><div class=\"testimonial_content_inner\"><div class=\"testimonial_text_holder\"><div class=\"testimonial_text_inner\" style=\"color: #ffffff;\"><p style='font-size:56px;color:#ffffff;'>\"Their ability to build strong relationships with both clients and collaborators truly stands out. Their skill in communicating effectively \u2014 and, above all, in listening and understanding others\u2019 needs \u2014 has made FLASH a key part of our team.\"<\/p><p class=\"testimonial_author\" style=\"color: #ffffff;font-weight: 800;color: #ffffff;font-size: 16px;\">Marcos Rodr\u00edguez Alonso, Head of Planificaci\u00f3n Comercial y Organizaci\u00f3n Mass Markets - Vodafone Espa\u00f1a<\/p><\/div><\/div><\/div><\/li><\/ul><\/div><\/div>[\/vc_column][\/vc_row]<\/p>\n<\/div>","protected":false},"excerpt":{"rendered":"<p>[vc_row css_animation=&#8221;&#8221; row_type=&#8221;row&#8221; use_row_as_full_screen_section=&#8221;no&#8221; type=&#8221;grid&#8221; angled_section=&#8221;no&#8221; text_align=&#8221;left&#8221; background_image_as_pattern=&#8221;without_pattern&#8221; background_color=&#8221;#000000 !important&#8221; padding_top=&#8221;200&#8243; padding_bottom=&#8221;30&#8243; css=&#8221;.vc_custom_1704977015428{background-color: #000000 !important;}&#8221; z_index=&#8221;&#8221;][vc_column][vc_separator type=&#8221;transparent&#8221; up=&#8221;50&#8243; down=&#8221;40&#8243;][\/vc_column][\/vc_row]<\/p>\n","protected":false},"author":3,"featured_media":0,"parent":0,"menu_order":0,"comment_status":"open","ping_status":"open","template":"full_width.php","meta":{"_acf_changed":false,"pgc_sgb_lightbox_settings":"","footnotes":""},"class_list":["post-17078","page","type-page","status-publish","hentry"],"acf":[],"_links":{"self":[{"href":"https:\/\/www.flashcreativity.com\/en\/wp-json\/wp\/v2\/pages\/17078","targetHints":{"allow":["GET"]}}],"collection":[{"href":"https:\/\/www.flashcreativity.com\/en\/wp-json\/wp\/v2\/pages"}],"about":[{"href":"https:\/\/www.flashcreativity.com\/en\/wp-json\/wp\/v2\/types\/page"}],"author":[{"embeddable":true,"href":"https:\/\/www.flashcreativity.com\/en\/wp-json\/wp\/v2\/users\/3"}],"replies":[{"embeddable":true,"href":"https:\/\/www.flashcreativity.com\/en\/wp-json\/wp\/v2\/comments?post=17078"}],"version-history":[{"count":7,"href":"https:\/\/www.flashcreativity.com\/en\/wp-json\/wp\/v2\/pages\/17078\/revisions"}],"predecessor-version":[{"id":22348,"href":"https:\/\/www.flashcreativity.com\/en\/wp-json\/wp\/v2\/pages\/17078\/revisions\/22348"}],"wp:attachment":[{"href":"https:\/\/www.flashcreativity.com\/en\/wp-json\/wp\/v2\/media?parent=17078"}],"curies":[{"name":"wp","href":"https:\/\/api.w.org\/{rel}","templated":true}]}}